{"id":199,"date":"2020-06-02T12:06:22","date_gmt":"2020-06-02T12:06:22","guid":{"rendered":"https:\/\/courses.ie.bilkent.edu.tr\/ie299\/?page_id=199"},"modified":"2021-04-16T10:05:42","modified_gmt":"2021-04-16T10:05:42","slug":"alumni-projects","status":"publish","type":"page","link":"https:\/\/courses.ie.bilkent.edu.tr\/ie299\/alumni-projects\/","title":{"rendered":"Alumni Projects"},"content":{"rendered":"\n<table id=\"tablepress-1\" class=\"tablepress tablepress-id-1\">\n<thead>\n<tr class=\"row-1\">\n\t<th class=\"column-1\">Index<\/th><th class=\"column-2\">Alumni<\/th><th class=\"column-3\">Project Information (link)<\/th><th class=\"column-4\">Availability<\/th>\n<\/tr>\n<\/thead>\n<tbody class=\"row-striping row-hover\">\n<tr class=\"row-2\">\n\t<td class=\"column-1\">1<\/td><td class=\"column-2\">Ay\u015fe Cilac\u0131<\/td><td class=\"column-3\"><a href=\"https:\/\/courses.ie.bilkent.edu.tr\/ie299\/wp-content\/uploads\/sites\/10\/2020\/06\/Alumni1.pdf\">Personalized Learning Systems using Machine Learning<\/a><\/td><td class=\"column-4\"><p style=\"color:green\">Available<\/p><\/td>\n<\/tr>\n<tr class=\"row-3\">\n\t<td class=\"column-1\">2<\/td><td class=\"column-2\">\u00d6zge Y\u0131lmaz<\/td><td class=\"column-3\"><a href=\"https:\/\/courses.ie.bilkent.edu.tr\/ie299\/wp-content\/uploads\/sites\/10\/2020\/06\/Alumni2.pdf\">ennfluencer.com<\/a><\/td><td class=\"column-4\"><p style=\"color:red\">Unavailable<\/p><\/td>\n<\/tr>\n<tr class=\"row-4\">\n\t<td class=\"column-1\">3<\/td><td class=\"column-2\">\u00c7a\u011flar Meram<\/td><td class=\"column-3\"><a href=\"https:\/\/courses.ie.bilkent.edu.tr\/ie299\/wp-content\/uploads\/sites\/10\/2020\/06\/alumni3.pdf\">SAP Integrated Suppliers Evaluation System Design<\/a><\/td><td class=\"column-4\"><p style=\"color:red\">Unavailable<\/p><\/td>\n<\/tr>\n<tr class=\"row-5\">\n\t<td class=\"column-1\">4<\/td><td class=\"column-2\">\u00c7a\u011flar Meram<\/td><td class=\"column-3\"><a href=\"https:\/\/courses.ie.bilkent.edu.tr\/ie299\/wp-content\/uploads\/sites\/10\/2020\/06\/alumni4.pdf\">Creating of Contract Management System<\/a><\/td><td class=\"column-4\"><p style=\"color:red\">Unavailable<\/p><\/td>\n<\/tr>\n<tr class=\"row-6\">\n\t<td class=\"column-1\">5<\/td><td class=\"column-2\">\u00c7a\u011flar Meram<\/td><td class=\"column-3\"><a href=\"https:\/\/courses.ie.bilkent.edu.tr\/ie299\/wp-content\/uploads\/sites\/10\/2020\/06\/alumni5.pdf\">Visualization of Balance Sheets<\/a><\/td><td class=\"column-4\"><p style=\"color:red\">Unavailable<\/p><\/td>\n<\/tr>\n<tr class=\"row-7\">\n\t<td class=\"column-1\">6<\/td><td class=\"column-2\">\u00c7a\u011flar Meram<\/td><td class=\"column-3\"><a href=\"https:\/\/courses.ie.bilkent.edu.tr\/ie299\/wp-content\/uploads\/sites\/10\/2020\/06\/alumni6.pdf\">Weighbridge System Optimization Project<\/a><\/td><td class=\"column-4\"><p style=\"color:red\">Unavailable<\/p><\/td>\n<\/tr>\n<tr class=\"row-8\">\n\t<td class=\"column-1\">7<\/td><td class=\"column-2\">\u00d6zlem \u00d6zt\u00fcrk<\/td><td class=\"column-3\"><a href=\"https:\/\/courses.ie.bilkent.edu.tr\/ie299\/wp-content\/uploads\/sites\/10\/2020\/06\/alumni7.pdf\">Dijital Kanallar i\u00e7in Kullan\u0131c\u0131 Deneyimi \u0130yile\u015ftirilmesi ve S\u00fcre\u00e7 Optimizasyonu<\/a><\/td><td class=\"column-4\"><p style=\"color:green\">Available<\/p><\/td>\n<\/tr>\n<tr class=\"row-9\">\n\t<td class=\"column-1\">8<\/td><td class=\"column-2\">Mustafa Eray Y\u00fccel<\/td><td class=\"column-3\"><a href=\"https:\/\/courses.ie.bilkent.edu.tr\/ie299\/wp-content\/uploads\/sites\/10\/2020\/06\/alumni8.pdf\">Understanding the Daily Epidemiological Forecasts when Incubation Period is Long<\/a><\/td><td class=\"column-4\"><p style=\"color:red\">Unavailable<\/p><\/td>\n<\/tr>\n<tr class=\"row-10\">\n\t<td class=\"column-1\">9<\/td><td class=\"column-2\">G\u00f6n\u00fcl Do\u011fan<\/td><td class=\"column-3\"><a href=\"https:\/\/courses.ie.bilkent.edu.tr\/ie299\/wp-content\/uploads\/sites\/10\/2020\/06\/alumni9.pdf\">Media Bias<\/a><\/td><td class=\"column-4\"><p style=\"color:red\">Unavailable<\/p><\/td>\n<\/tr>\n<tr class=\"row-11\">\n\t<td class=\"column-1\">10<\/td><td class=\"column-2\">Omer F. Karaayvaz<\/td><td class=\"column-3\"><a href=\"https:\/\/courses.ie.bilkent.edu.tr\/ie299\/wp-content\/uploads\/sites\/10\/2020\/06\/alumni10.pdf\">An assessment of Digital Health Opportunities\/ Venture in Turkey<\/a><\/td><td class=\"column-4\"><p style=\"color:red\">Unavailable<\/p><\/td>\n<\/tr>\n<tr class=\"row-12\">\n\t<td class=\"column-1\">11<\/td><td class=\"column-2\">Ayla Turhan<\/td><td class=\"column-3\"><a href=\"https:\/\/courses.ie.bilkent.edu.tr\/ie299\/wp-content\/uploads\/sites\/10\/2020\/06\/alumni11.pdf\">Course Scheduling Optimization\/Heuristics<\/a><\/td><td class=\"column-4\"><p style=\"color:red\">Unavailable<\/p><\/td>\n<\/tr>\n<tr class=\"row-13\">\n\t<td class=\"column-1\">12<\/td><td class=\"column-2\">Sedat Ta\u015fkesenlio\u011flu<\/td><td class=\"column-3\"><a href=\"https:\/\/courses.ie.bilkent.edu.tr\/ie299\/wp-content\/uploads\/sites\/10\/2020\/06\/alumni12.pdf\">Providing process mining reports using open-source packages in Python<\/a><\/td><td class=\"column-4\"><p style=\"color:red\">Unavailable<\/p><\/td>\n<\/tr>\n<tr class=\"row-14\">\n\t<td class=\"column-1\">13<\/td><td class=\"column-2\">\u00d6zge Ayg\u00fcl<\/td><td class=\"column-3\"><a href=\"https:\/\/courses.ie.bilkent.edu.tr\/ie299\/wp-content\/uploads\/sites\/10\/2020\/06\/alumni13.pdf\">Machine Learning Algorithms on Daily Connection\/Disconnection Operations<\/a><\/td><td class=\"column-4\"><p style=\"color:red\">Unavailable<\/p><\/td>\n<\/tr>\n<tr class=\"row-15\">\n\t<td class=\"column-1\">14<\/td><td class=\"column-2\">Abdullah \u00c7erek\u00e7i<\/td><td class=\"column-3\"><a href=\"https:\/\/courses.ie.bilkent.edu.tr\/ie299\/wp-content\/uploads\/sites\/10\/2020\/06\/alumni14.pdf\">Impact of the COVID-19 Pandemic on Turkey\u2019s Export Competitiveness (A group of at least two students is required)<\/a><\/td><td class=\"column-4\"><p style=\"color:red\">Unavailable<\/p><\/td>\n<\/tr>\n<tr class=\"row-16\">\n\t<td class=\"column-1\">15<\/td><td class=\"column-2\">Ba\u015fak Yazar<\/td><td class=\"column-3\"><a href=\"https:\/\/courses.ie.bilkent.edu.tr\/ie299\/wp-content\/uploads\/sites\/10\/2020\/06\/Alumni15.pdf\">BPM tools comparison<\/a><\/td><td class=\"column-4\"><p style=\"color:red\">Unavailable<\/p><\/td>\n<\/tr>\n<tr class=\"row-17\">\n\t<td class=\"column-1\">16<\/td><td class=\"column-2\">Ba\u015fak Yazar<\/td><td class=\"column-3\"><a href=\"https:\/\/courses.ie.bilkent.edu.tr\/ie299\/wp-content\/uploads\/sites\/10\/2020\/06\/Alumni16.pdf\">performance measure correlation<\/a><\/td><td class=\"column-4\"><p style=\"color:red\">Unavailable<\/p><\/td>\n<\/tr>\n<tr class=\"row-18\">\n\t<td class=\"column-1\">17<\/td><td class=\"column-2\">Ba\u015fak Yazar<\/td><td class=\"column-3\"><a href=\"https:\/\/courses.ie.bilkent.edu.tr\/ie299\/wp-content\/uploads\/sites\/10\/2020\/06\/Alumni17.pdf\">performance and risk measure correlation<\/a><\/td><td class=\"column-4\"><p style=\"color:red\">Unavailable<\/p><\/td>\n<\/tr>\n<tr class=\"row-19\">\n\t<td class=\"column-1\">18<\/td><td class=\"column-2\">Ba\u015fak Yazar<\/td><td class=\"column-3\"><a href=\"https:\/\/courses.ie.bilkent.edu.tr\/ie299\/wp-content\/uploads\/sites\/10\/2020\/06\/Alumni18.pdf\">knowledge management practices<\/a><\/td><td class=\"column-4\"><p style=\"color:red\">Unavailable<\/p><\/td>\n<\/tr>\n<tr class=\"row-20\">\n\t<td class=\"column-1\">19<\/td><td class=\"column-2\">Ba\u015fak Yazar<\/td><td class=\"column-3\"><a href=\"https:\/\/courses.ie.bilkent.edu.tr\/ie299\/wp-content\/uploads\/sites\/10\/2020\/06\/Alumni19.pdf\">continuous improvement<\/a><\/td><td class=\"column-4\"><p style=\"color:red\">Unavailable<\/p><\/td>\n<\/tr>\n<tr class=\"row-21\">\n\t<td class=\"column-1\">20<\/td><td class=\"column-2\">Ba\u015fak Yazar<\/td><td class=\"column-3\"><a href=\"https:\/\/courses.ie.bilkent.edu.tr\/ie299\/wp-content\/uploads\/sites\/10\/2020\/06\/Alumni20.pdf\">sustainability<\/a><\/td><td class=\"column-4\"><p style=\"color:red\">Unavailable<\/p><\/td>\n<\/tr>\n<tr class=\"row-22\">\n\t<td class=\"column-1\">21<\/td><td class=\"column-2\">Ba\u015fak Yazar<\/td><td class=\"column-3\"><a href=\"https:\/\/courses.ie.bilkent.edu.tr\/ie299\/wp-content\/uploads\/sites\/10\/2020\/06\/Alumni21.pdf\">process assets change management<\/a><\/td><td class=\"column-4\"><p style=\"color:red\">Unavailable<\/p><\/td>\n<\/tr>\n<tr class=\"row-23\">\n\t<td class=\"column-1\">22<\/td><td class=\"column-2\">Elif Ate\u015f Ak\u015fahin<\/td><td class=\"column-3\"><a href=\"https:\/\/courses.ie.bilkent.edu.tr\/ie299\/wp-content\/uploads\/sites\/10\/2020\/06\/Alumni22.pdf\">Asset Life Cycle Process Work<\/a><\/td><td class=\"column-4\"><p style=\"color:green\">Available<\/p><\/td>\n<\/tr>\n<tr class=\"row-24\">\n\t<td class=\"column-1\">23<\/td><td class=\"column-2\">Elif Ate\u015f Ak\u015fahin<\/td><td class=\"column-3\"><a href=\"https:\/\/courses.ie.bilkent.edu.tr\/ie299\/wp-content\/uploads\/sites\/10\/2020\/06\/Alumni23.pdf\">Governance Literature Search<\/a><\/td><td class=\"column-4\"><p style=\"color:red\">Unavailable<\/p><\/td>\n<\/tr>\n<tr class=\"row-25\">\n\t<td class=\"column-1\">24<\/td><td class=\"column-2\">Elif Ate\u015f Ak\u015fahin<\/td><td class=\"column-3\"><a href=\"https:\/\/courses.ie.bilkent.edu.tr\/ie299\/wp-content\/uploads\/sites\/10\/2020\/06\/Alumni24.pdf\">IT Software Development Process Methodology Literature Examination<\/a><\/td><td class=\"column-4\"><p style=\"color:red\">Unavailable<\/p><\/td>\n<\/tr>\n<tr class=\"row-26\">\n\t<td class=\"column-1\">25<\/td><td class=\"column-2\">\u00c7a\u011flar Meram<\/td><td class=\"column-3\"><a href=\"https:\/\/courses.ie.bilkent.edu.tr\/ie299\/wp-content\/uploads\/sites\/10\/2020\/07\/Alumni25.pdf\">Adapting a new inventory replenishment model to SAP MM<\/a><\/td><td class=\"column-4\"><p style=\"color:red\">Unavailable<\/p><\/td>\n<\/tr>\n<\/tbody>\n<\/table>\n<!-- #tablepress-1 from cache -->\n<p>&nbsp;<\/p>\n","protected":false},"excerpt":{"rendered":"<p>&nbsp;<\/p>\n","protected":false},"author":33,"featured_media":0,"parent":0,"menu_order":0,"comment_status":"closed","ping_status":"closed","template":"","meta":{"footnotes":""},"class_list":["post-199","page","type-page","status-publish","hentry"],"_links":{"self":[{"href":"https:\/\/courses.ie.bilkent.edu.tr\/ie299\/wp-json\/wp\/v2\/pages\/199","targetHints":{"allow":["GET"]}}],"collection":[{"href":"https:\/\/courses.ie.bilkent.edu.tr\/ie299\/wp-json\/wp\/v2\/pages"}],"about":[{"href":"https:\/\/courses.ie.bilkent.edu.tr\/ie299\/wp-json\/wp\/v2\/types\/page"}],"author":[{"embeddable":true,"href":"https:\/\/courses.ie.bilkent.edu.tr\/ie299\/wp-json\/wp\/v2\/users\/33"}],"replies":[{"embeddable":true,"href":"https:\/\/courses.ie.bilkent.edu.tr\/ie299\/wp-json\/wp\/v2\/comments?post=199"}],"version-history":[{"count":5,"href":"https:\/\/courses.ie.bilkent.edu.tr\/ie299\/wp-json\/wp\/v2\/pages\/199\/revisions"}],"predecessor-version":[{"id":224,"href":"https:\/\/courses.ie.bilkent.edu.tr\/ie299\/wp-json\/wp\/v2\/pages\/199\/revisions\/224"}],"wp:attachment":[{"href":"https:\/\/courses.ie.bilkent.edu.tr\/ie299\/wp-json\/wp\/v2\/media?parent=199"}],"curies":[{"name":"wp","href":"https:\/\/api.w.org\/{rel}","templated":true}]}}