{"id":2375,"date":"2024-09-27T21:06:01","date_gmt":"2024-09-27T18:06:01","guid":{"rendered":"https:\/\/courses.ie.bilkent.edu.tr\/ie477\/?page_id=2375"},"modified":"2025-09-26T17:12:53","modified_gmt":"2025-09-26T14:12:53","slug":"groups","status":"publish","type":"page","link":"https:\/\/courses.ie.bilkent.edu.tr\/ie477\/groups\/","title":{"rendered":"Groups"},"content":{"rendered":"<table style=\"height: 8415px;\" width=\"684\">\n<tbody>\n<tr>\n<td width=\"64\"><strong>Group No<\/strong><\/td>\n<td width=\"64\"><strong>CP<\/strong><\/td>\n<td width=\"137\"><strong>First Name<\/strong><\/td>\n<td width=\"95\"><strong>Last Name<\/strong><\/td>\n<\/tr>\n<tr>\n<td>1<\/td>\n<td>x<\/td>\n<td>Deniz<\/td>\n<td>Bodur<\/td>\n<\/tr>\n<tr>\n<td>1<\/td>\n<td><\/td>\n<td>Ahmet Melih<\/td>\n<td>B\u00fclb\u00fcl<\/td>\n<\/tr>\n<tr>\n<td>1<\/td>\n<td><\/td>\n<td>Mert Can<\/td>\n<td>\u0130bri<\/td>\n<\/tr>\n<tr>\n<td>1<\/td>\n<td><\/td>\n<td>Beg\u00fcm<\/td>\n<td>\u015eim\u015fek<\/td>\n<\/tr>\n<tr>\n<td>2<\/td>\n<td>x<\/td>\n<td>Nazl\u0131can<\/td>\n<td>Akman<\/td>\n<\/tr>\n<tr>\n<td>2<\/td>\n<td><\/td>\n<td>Orkun<\/td>\n<td>Arslan<\/td>\n<\/tr>\n<tr>\n<td>2<\/td>\n<td><\/td>\n<td>Selvi Ecem<\/td>\n<td>Civelek<\/td>\n<\/tr>\n<tr>\n<td>2<\/td>\n<td><\/td>\n<td>Arda Noyan<\/td>\n<td>Kara\u015fo\u011flu<\/td>\n<\/tr>\n<tr>\n<td>2<\/td>\n<td><\/td>\n<td>\u015eima<\/td>\n<td>\u00dcnver<\/td>\n<\/tr>\n<tr>\n<td>2<\/td>\n<td><\/td>\n<td>G\u00f6ze<\/td>\n<td>Y\u0131lmaz<\/td>\n<\/tr>\n<tr>\n<td>3<\/td>\n<td><\/td>\n<td>Do\u011fa<\/td>\n<td>Aynac\u0131<\/td>\n<\/tr>\n<tr>\n<td>3<\/td>\n<td>x<\/td>\n<td>Zeynep Melis<\/td>\n<td>Bakan<\/td>\n<\/tr>\n<tr>\n<td>3<\/td>\n<td><\/td>\n<td>Yunus Emre<\/td>\n<td>Dermencio\u011flu<\/td>\n<\/tr>\n<tr>\n<td>3<\/td>\n<td><\/td>\n<td>Dervi\u015f Mehmet<\/td>\n<td>Din\u00e7<\/td>\n<\/tr>\n<tr>\n<td>3<\/td>\n<td><\/td>\n<td>Yunus \u00d6zcan<\/td>\n<td>Malkaya<\/td>\n<\/tr>\n<tr>\n<td>3<\/td>\n<td><\/td>\n<td>Ahmet Serdar<\/td>\n<td>Yak\u0131c\u0131<\/td>\n<\/tr>\n<tr>\n<td>4<\/td>\n<td><\/td>\n<td>Hilal<\/td>\n<td>Ayd\u0131n<\/td>\n<\/tr>\n<tr>\n<td>4<\/td>\n<td><\/td>\n<td>Zeynep<\/td>\n<td>Ayhan<\/td>\n<\/tr>\n<tr>\n<td>4<\/td>\n<td><\/td>\n<td>Elif<\/td>\n<td>Balc\u0131<\/td>\n<\/tr>\n<tr>\n<td>4<\/td>\n<td><\/td>\n<td>Yi\u011fit<\/td>\n<td>Kahveci<\/td>\n<\/tr>\n<tr>\n<td>4<\/td>\n<td><\/td>\n<td>Selen<\/td>\n<td>K\u0131l\u0131\u00e7aslan<\/td>\n<\/tr>\n<tr>\n<td>4<\/td>\n<td><\/td>\n<td>Erol Atahan<\/td>\n<td>Kutlu<\/td>\n<\/tr>\n<tr>\n<td>4<\/td>\n<td>x<\/td>\n<td>Abide S\u0131la<\/td>\n<td>Yap\u0131c\u0131o\u011flu<\/td>\n<\/tr>\n<tr>\n<td>5<\/td>\n<td><\/td>\n<td>Alk\u0131m<\/td>\n<td>Abanuz<\/td>\n<\/tr>\n<tr>\n<td>5<\/td>\n<td><\/td>\n<td>Talha Talip<\/td>\n<td>A\u00e7\u0131kg\u00f6z<\/td>\n<\/tr>\n<tr>\n<td>5<\/td>\n<td><\/td>\n<td>Beyza Ceren<\/td>\n<td>G\u00fclp\u0131nar<\/td>\n<\/tr>\n<tr>\n<td>5<\/td>\n<td><\/td>\n<td>\u00d6zge<\/td>\n<td>Seydano\u011flu<\/td>\n<\/tr>\n<tr>\n<td>5<\/td>\n<td>x<\/td>\n<td>Erdem Ata<\/td>\n<td>Tosun<\/td>\n<\/tr>\n<tr>\n<td>5<\/td>\n<td><\/td>\n<td>Yusuf Enes<\/td>\n<td>Uluda\u011f<\/td>\n<\/tr>\n<tr>\n<td>5<\/td>\n<td><\/td>\n<td>Beril<\/td>\n<td>Y\u0131lmaz<\/td>\n<\/tr>\n<tr>\n<td>6<\/td>\n<td><\/td>\n<td>Mert<\/td>\n<td>Co\u015fkun<\/td>\n<\/tr>\n<tr>\n<td>6<\/td>\n<td><\/td>\n<td>Abdurrahman<\/td>\n<td>\u00c7ak\u0131lca<\/td>\n<\/tr>\n<tr>\n<td>6<\/td>\n<td><\/td>\n<td>Birkan<\/td>\n<td>Karaka\u015f<\/td>\n<\/tr>\n<tr>\n<td>6<\/td>\n<td><\/td>\n<td>Ali<\/td>\n<td>Kastal<\/td>\n<\/tr>\n<tr>\n<td>6<\/td>\n<td>x<\/td>\n<td>H\u00fcseyin Kaan<\/td>\n<td>K\u0131l\u0131\u00e7<\/td>\n<\/tr>\n<tr>\n<td>6<\/td>\n<td><\/td>\n<td>\u0130hsan<\/td>\n<td>\u00d6\u011f<\/td>\n<\/tr>\n<tr>\n<td>6<\/td>\n<td><\/td>\n<td>Toprak<\/td>\n<td>Tunta\u015f<\/td>\n<\/tr>\n<tr>\n<td>7<\/td>\n<td><\/td>\n<td>Buket<\/td>\n<td>Ay<\/td>\n<\/tr>\n<tr>\n<td>7<\/td>\n<td><\/td>\n<td>Berke<\/td>\n<td>Ekinci<\/td>\n<\/tr>\n<tr>\n<td>7<\/td>\n<td><\/td>\n<td>Yi\u011fit<\/td>\n<td>Eyi<\/td>\n<\/tr>\n<tr>\n<td>7<\/td>\n<td>x<\/td>\n<td>\u00c7a\u011fan Berkin<\/td>\n<td>\u00d6zt\u00fcrk<\/td>\n<\/tr>\n<tr>\n<td>7<\/td>\n<td><\/td>\n<td>Tuna<\/td>\n<td>Pulak<\/td>\n<\/tr>\n<tr>\n<td>7<\/td>\n<td><\/td>\n<td>Musa \u00c7a\u011fan<\/td>\n<td>Terzio\u011flu<\/td>\n<\/tr>\n<tr>\n<td>7<\/td>\n<td><\/td>\n<td>Selin Dila<\/td>\n<td>Uslu<\/td>\n<\/tr>\n<tr>\n<td>8<\/td>\n<td><\/td>\n<td>Muhammed H\u00fcseyin<\/td>\n<td>Beyribey<\/td>\n<\/tr>\n<tr>\n<td>8<\/td>\n<td><\/td>\n<td>Alk\u0131m<\/td>\n<td>B\u00fcmen<\/td>\n<\/tr>\n<tr>\n<td>8<\/td>\n<td><\/td>\n<td>S\u00fcleyman Burak<\/td>\n<td>Can\u0131g\u00fcr<\/td>\n<\/tr>\n<tr>\n<td>8<\/td>\n<td><\/td>\n<td>Fatih<\/td>\n<td>Karaca<\/td>\n<\/tr>\n<tr>\n<td>8<\/td>\n<td><\/td>\n<td>Halil Yaman<\/td>\n<td>Sa\u011fl\u0131k<\/td>\n<\/tr>\n<tr>\n<td>8<\/td>\n<td>x<\/td>\n<td>Pelin<\/td>\n<td>Yal\u0131ncak<\/td>\n<\/tr>\n<tr>\n<td>8<\/td>\n<td><\/td>\n<td>Dilara B\u00fc\u015fra<\/td>\n<td>Y\u00f6r\u00fcr<\/td>\n<\/tr>\n<tr>\n<td>9<\/td>\n<td><\/td>\n<td>Mina<\/td>\n<td>Akta\u015f<\/td>\n<\/tr>\n<tr>\n<td>9<\/td>\n<td><\/td>\n<td>Mehmet Berkay<\/td>\n<td>Demirta\u015f<\/td>\n<\/tr>\n<tr>\n<td>9<\/td>\n<td><\/td>\n<td>Ezgi<\/td>\n<td>Eker<\/td>\n<\/tr>\n<tr>\n<td>9<\/td>\n<td><\/td>\n<td>Ege<\/td>\n<td>Ekmek\u00e7i<\/td>\n<\/tr>\n<tr>\n<td>9<\/td>\n<td><\/td>\n<td>Ar\u0131n<\/td>\n<td>K\u00fc\u00e7\u00fckg\u00fc\u00e7l\u00fc<\/td>\n<\/tr>\n<tr>\n<td>9<\/td>\n<td>x<\/td>\n<td>Ece<\/td>\n<td>Saral<\/td>\n<\/tr>\n<tr>\n<td>9<\/td>\n<td><\/td>\n<td>Zeynep<\/td>\n<td>T\u00fcrko\u011flu<\/td>\n<\/tr>\n<tr>\n<td>10<\/td>\n<td><\/td>\n<td>Bet\u00fcl<\/td>\n<td>Aslan<\/td>\n<\/tr>\n<tr>\n<td>10<\/td>\n<td><\/td>\n<td>Berfin<\/td>\n<td>\u00c7eri<\/td>\n<\/tr>\n<tr>\n<td>10<\/td>\n<td><\/td>\n<td>Zeynep Erva<\/td>\n<td>Dama<\/td>\n<\/tr>\n<tr>\n<td>10<\/td>\n<td>x<\/td>\n<td>G\u00f6khan<\/td>\n<td>G\u00fcl\u00e7ak\u0131r<\/td>\n<\/tr>\n<tr>\n<td>10<\/td>\n<td><\/td>\n<td>Aziz Furkan<\/td>\n<td>S\u00f6\u011f\u00fctl\u00fc<\/td>\n<\/tr>\n<tr>\n<td>10<\/td>\n<td><\/td>\n<td>Simay<\/td>\n<td>S\u00f6kmen<\/td>\n<\/tr>\n<tr>\n<td>10<\/td>\n<td><\/td>\n<td>Egenaz<\/td>\n<td>Tun\u00e7demir<\/td>\n<\/tr>\n<tr>\n<td>11<\/td>\n<td>x<\/td>\n<td>\u0130pek<\/td>\n<td>Aksoy<\/td>\n<\/tr>\n<tr>\n<td>11<\/td>\n<td><\/td>\n<td>Mustafa Gencay<\/td>\n<td>Alkan<\/td>\n<\/tr>\n<tr>\n<td>11<\/td>\n<td><\/td>\n<td>\u0130rem<\/td>\n<td>Atasoy<\/td>\n<\/tr>\n<tr>\n<td>11<\/td>\n<td><\/td>\n<td>Elif P\u0131nar<\/td>\n<td>Can<\/td>\n<\/tr>\n<tr>\n<td>11<\/td>\n<td><\/td>\n<td>Orbay<\/td>\n<td>Ert\u00fcrk<\/td>\n<\/tr>\n<tr>\n<td>11<\/td>\n<td><\/td>\n<td>Ege<\/td>\n<td>G\u00fcven<\/td>\n<\/tr>\n<tr>\n<td>11<\/td>\n<td><\/td>\n<td>Zehra Arzum<\/td>\n<td>K\u00fc\u00e7\u00fck<\/td>\n<\/tr>\n<tr>\n<td>12<\/td>\n<td><\/td>\n<td>Dilber Zelal<\/td>\n<td>Aras<\/td>\n<\/tr>\n<tr>\n<td>12<\/td>\n<td><\/td>\n<td>Aysel<\/td>\n<td>Erkilet<\/td>\n<\/tr>\n<tr>\n<td>12<\/td>\n<td><\/td>\n<td>Bet\u00fcl Berrin<\/td>\n<td>G\u00fczel<\/td>\n<\/tr>\n<tr>\n<td>12<\/td>\n<td>x<\/td>\n<td>Defne<\/td>\n<td>Karaman<\/td>\n<\/tr>\n<tr>\n<td>12<\/td>\n<td><\/td>\n<td>Elif L\u00e2l<\/td>\n<td>Karao\u011flu<\/td>\n<\/tr>\n<tr>\n<td>12<\/td>\n<td><\/td>\n<td>Celal<\/td>\n<td>\u00d6zel<\/td>\n<\/tr>\n<tr>\n<td>12<\/td>\n<td><\/td>\n<td>Kas\u0131m \u0130smail<\/td>\n<td>Sangu<\/td>\n<\/tr>\n<tr>\n<td>13<\/td>\n<td>x<\/td>\n<td>\u015eevval<\/td>\n<td>Arslan<\/td>\n<\/tr>\n<tr>\n<td>13<\/td>\n<td><\/td>\n<td>Ali Emre<\/td>\n<td>Bayraktar<\/td>\n<\/tr>\n<tr>\n<td>13<\/td>\n<td><\/td>\n<td>\u0130smail Tuna<\/td>\n<td>\u00c7akmak<\/td>\n<\/tr>\n<tr>\n<td>13<\/td>\n<td><\/td>\n<td>Tar\u0131k Emir<\/td>\n<td>Halilo\u011flu<\/td>\n<\/tr>\n<tr>\n<td>13<\/td>\n<td><\/td>\n<td>\u0130smail<\/td>\n<td>Metlio\u011flu<\/td>\n<\/tr>\n<tr>\n<td>13<\/td>\n<td><\/td>\n<td>Azra<\/td>\n<td>Yava\u015fcan<\/td>\n<\/tr>\n<tr>\n<td>13<\/td>\n<td><\/td>\n<td>Irmak<\/td>\n<td>Y\u0131lmaz<\/td>\n<\/tr>\n<tr>\n<td>14<\/td>\n<td><\/td>\n<td>Erkin<\/td>\n<td>A\u015fan<\/td>\n<\/tr>\n<tr>\n<td>14<\/td>\n<td><\/td>\n<td>Arda<\/td>\n<td>Bayrak\u00e7\u0131<\/td>\n<\/tr>\n<tr>\n<td>14<\/td>\n<td><\/td>\n<td>Azra Ceren<\/td>\n<td>Durmu\u015f<\/td>\n<\/tr>\n<tr>\n<td>14<\/td>\n<td>x<\/td>\n<td>Mert Ertunga<\/td>\n<td>Ekizce<\/td>\n<\/tr>\n<tr>\n<td>14<\/td>\n<td><\/td>\n<td>Ahmet Efekan<\/td>\n<td>Ersoy<\/td>\n<\/tr>\n<tr>\n<td>14<\/td>\n<td><\/td>\n<td>\u00d6mer K\u0131van\u00e7<\/td>\n<td>Tanr\u0131verdi<\/td>\n<\/tr>\n<tr>\n<td>14<\/td>\n<td><\/td>\n<td>Sahra<\/td>\n<td>Yal\u00e7\u0131n<\/td>\n<\/tr>\n<tr>\n<td>15<\/td>\n<td><\/td>\n<td>Atakan<\/td>\n<td>Ala\u00e7am<\/td>\n<\/tr>\n<tr>\n<td>15<\/td>\n<td><\/td>\n<td>\u00d6zg\u00fcn<\/td>\n<td>Bilecen<\/td>\n<\/tr>\n<tr>\n<td>15<\/td>\n<td><\/td>\n<td>Zeynep<\/td>\n<td>Do\u011fan<\/td>\n<\/tr>\n<tr>\n<td>15<\/td>\n<td><\/td>\n<td>Y\u0131lmaz<\/td>\n<td>\u00d6nc\u00fc<\/td>\n<\/tr>\n<tr>\n<td>15<\/td>\n<td><\/td>\n<td>Ata<\/td>\n<td>\u00d6zt\u00fcrk<\/td>\n<\/tr>\n<tr>\n<td>15<\/td>\n<td><\/td>\n<td>Ataberk<\/td>\n<td>Sar\u0131<\/td>\n<\/tr>\n<tr>\n<td>15<\/td>\n<td>x<\/td>\n<td>Ahmet Bedirhan<\/td>\n<td>Soylu<\/td>\n<\/tr>\n<tr>\n<td>16<\/td>\n<td><\/td>\n<td>Alp Deniz<\/td>\n<td>\u00c7abuk<\/td>\n<\/tr>\n<tr>\n<td>16<\/td>\n<td><\/td>\n<td>Bar\u0131\u015f Uras<\/td>\n<td>Durmu\u015f<\/td>\n<\/tr>\n<tr>\n<td>16<\/td>\n<td><\/td>\n<td>Tu\u011frul<\/td>\n<td>Kutlu<\/td>\n<\/tr>\n<tr>\n<td>16<\/td>\n<td><\/td>\n<td>Umut<\/td>\n<td>\u00d6zcan<\/td>\n<\/tr>\n<tr>\n<td>16<\/td>\n<td><\/td>\n<td>Deniz<\/td>\n<td>\u00d6zin<\/td>\n<\/tr>\n<tr>\n<td>16<\/td>\n<td>x<\/td>\n<td>S\u00fceda Eslem<\/td>\n<td>S\u00fcmer<\/td>\n<\/tr>\n<tr>\n<td>16<\/td>\n<td><\/td>\n<td>Emirhan<\/td>\n<td>Yavuz<\/td>\n<\/tr>\n<tr>\n<td>17<\/td>\n<td><\/td>\n<td>\u0130rem Do\u011fa<\/td>\n<td>Demir<\/td>\n<\/tr>\n<tr>\n<td>17<\/td>\n<td><\/td>\n<td>Alperen<\/td>\n<td>Ezber<\/td>\n<\/tr>\n<tr>\n<td>17<\/td>\n<td><\/td>\n<td>Deniz<\/td>\n<td>Kutlu<\/td>\n<\/tr>\n<tr>\n<td>17<\/td>\n<td><\/td>\n<td>\u00d6yk\u00fc Su<\/td>\n<td>Merin\u00e7<\/td>\n<\/tr>\n<tr>\n<td>17<\/td>\n<td>x<\/td>\n<td>Tuna<\/td>\n<td>\u00d6zt\u00fcrk<\/td>\n<\/tr>\n<tr>\n<td>17<\/td>\n<td><\/td>\n<td>Muhammed Baha<\/td>\n<td>\u015eahingeri<\/td>\n<\/tr>\n<tr>\n<td>17<\/td>\n<td><\/td>\n<td>Aras<\/td>\n<td>Tokatl\u0131<\/td>\n<\/tr>\n<tr>\n<td>18<\/td>\n<td><\/td>\n<td>O\u011fuz<\/td>\n<td>Oral<\/td>\n<\/tr>\n<tr>\n<td>18<\/td>\n<td><\/td>\n<td>Kaan<\/td>\n<td>\u00d6zt\u00fcrk<\/td>\n<\/tr>\n<tr>\n<td>18<\/td>\n<td><\/td>\n<td>Erberk<\/td>\n<td>Saydan<\/td>\n<\/tr>\n<tr>\n<td>18<\/td>\n<td>x<\/td>\n<td>Hasan Utku<\/td>\n<td>\u015eenkaya<\/td>\n<\/tr>\n<tr>\n<td>18<\/td>\n<td><\/td>\n<td>Kerem Arda<\/td>\n<td>Tantekin<\/td>\n<\/tr>\n<tr>\n<td>18<\/td>\n<td><\/td>\n<td>Selin<\/td>\n<td>Uysal<\/td>\n<\/tr>\n<tr>\n<td>18<\/td>\n<td><\/td>\n<td>O\u011fulcan<\/td>\n<td>Yavuz<\/td>\n<\/tr>\n<tr>\n<td>19<\/td>\n<td><\/td>\n<td>Mert<\/td>\n<td>Bulut<\/td>\n<\/tr>\n<tr>\n<td>19<\/td>\n<td><\/td>\n<td>Alper Tuna<\/td>\n<td>G\u00fc\u00e7l\u00fc<\/td>\n<\/tr>\n<tr>\n<td>19<\/td>\n<td>x<\/td>\n<td>Selin<\/td>\n<td>Haberal<\/td>\n<\/tr>\n<tr>\n<td>19<\/td>\n<td><\/td>\n<td>Erdem<\/td>\n<td>Hayfavi<\/td>\n<\/tr>\n<tr>\n<td>19<\/td>\n<td><\/td>\n<td>Egemen<\/td>\n<td>\u0130lhan<\/td>\n<\/tr>\n<tr>\n<td>19<\/td>\n<td><\/td>\n<td>Ay\u015fe Beyza<\/td>\n<td>Korkmaz<\/td>\n<\/tr>\n<tr>\n<td>19<\/td>\n<td><\/td>\n<td>Melih<\/td>\n<td>Ulu<\/td>\n<\/tr>\n<tr>\n<td>20<\/td>\n<td><\/td>\n<td>Zeynep<\/td>\n<td>Aydar<\/td>\n<\/tr>\n<tr>\n<td>20<\/td>\n<td><\/td>\n<td>Selin<\/td>\n<td>Do\u011fan<\/td>\n<\/tr>\n<tr>\n<td>20<\/td>\n<td><\/td>\n<td>Eda Naz<\/td>\n<td>G\u00fcrel<\/td>\n<\/tr>\n<tr>\n<td>20<\/td>\n<td><\/td>\n<td>Eyl\u00fcl Ece<\/td>\n<td>\u00d6zdemir<\/td>\n<\/tr>\n<tr>\n<td>20<\/td>\n<td>x<\/td>\n<td>Arhan<\/td>\n<td>\u00d6zturan<\/td>\n<\/tr>\n<tr>\n<td>20<\/td>\n<td><\/td>\n<td>Melisa<\/td>\n<td>\u015eahin<\/td>\n<\/tr>\n<tr>\n<td>20<\/td>\n<td><\/td>\n<td>G\u00fclce<\/td>\n<td>Y\u0131ld\u0131z<\/td>\n<\/tr>\n<tr>\n<td>21<\/td>\n<td><\/td>\n<td>Derin<\/td>\n<td>Akt\u00fcrk<\/td>\n<\/tr>\n<tr>\n<td>21<\/td>\n<td><\/td>\n<td>Osmantan<\/td>\n<td>Be\u015fikci<\/td>\n<\/tr>\n<tr>\n<td>21<\/td>\n<td><\/td>\n<td>Melike<\/td>\n<td>Karalar<\/td>\n<\/tr>\n<tr>\n<td>21<\/td>\n<td>x<\/td>\n<td>Berke<\/td>\n<td>Kemahl\u0131<\/td>\n<\/tr>\n<tr>\n<td>21<\/td>\n<td><\/td>\n<td>Kenan Arda<\/td>\n<td>K\u00f6ymen<\/td>\n<\/tr>\n<tr>\n<td>21<\/td>\n<td><\/td>\n<td>Bahad\u0131r<\/td>\n<td>Maral<\/td>\n<\/tr>\n<tr>\n<td>21<\/td>\n<td><\/td>\n<td>Deniz<\/td>\n<td>Ya\u015far<\/td>\n<\/tr>\n<\/tbody>\n<\/table>\n","protected":false},"excerpt":{"rendered":"<p>Group No CP First Name Last Name 1 x Deniz Bodur 1 Ahmet Melih B\u00fclb\u00fcl 1 Mert Can \u0130bri 1 Beg\u00fcm \u015eim\u015fek 2 x Nazl\u0131can Akman 2 Orkun Arslan 2 Selvi Ecem Civelek 2 Arda Noyan Kara\u015fo\u011flu 2 \u015eima \u00dcnver 2 G\u00f6ze Y\u0131lmaz 3 Do\u011fa Aynac\u0131 3 x Zeynep Melis [&hellip;]<\/p>\n","protected":false},"author":1,"featured_media":0,"parent":0,"menu_order":0,"comment_status":"closed","ping_status":"closed","template":"","meta":{"_bbp_topic_count":0,"_bbp_reply_count":0,"_bbp_total_topic_count":0,"_bbp_total_reply_count":0,"_bbp_voice_count":0,"_bbp_anonymous_reply_count":0,"_bbp_topic_count_hidden":0,"_bbp_reply_count_hidden":0,"_bbp_forum_subforum_count":0,"footnotes":""},"class_list":["post-2375","page","type-page","status-publish","hentry"],"_links":{"self":[{"href":"https:\/\/courses.ie.bilkent.edu.tr\/ie477\/wp-json\/wp\/v2\/pages\/2375","targetHints":{"allow":["GET"]}}],"collection":[{"href":"https:\/\/courses.ie.bilkent.edu.tr\/ie477\/wp-json\/wp\/v2\/pages"}],"about":[{"href":"https:\/\/courses.ie.bilkent.edu.tr\/ie477\/wp-json\/wp\/v2\/types\/page"}],"author":[{"embeddable":true,"href":"https:\/\/courses.ie.bilkent.edu.tr\/ie477\/wp-json\/wp\/v2\/users\/1"}],"replies":[{"embeddable":true,"href":"https:\/\/courses.ie.bilkent.edu.tr\/ie477\/wp-json\/wp\/v2\/comments?post=2375"}],"version-history":[{"count":4,"href":"https:\/\/courses.ie.bilkent.edu.tr\/ie477\/wp-json\/wp\/v2\/pages\/2375\/revisions"}],"predecessor-version":[{"id":2529,"href":"https:\/\/courses.ie.bilkent.edu.tr\/ie477\/wp-json\/wp\/v2\/pages\/2375\/revisions\/2529"}],"wp:attachment":[{"href":"https:\/\/courses.ie.bilkent.edu.tr\/ie477\/wp-json\/wp\/v2\/media?parent=2375"}],"curies":[{"name":"wp","href":"https:\/\/api.w.org\/{rel}","templated":true}]}}