{"id":776,"date":"2019-12-05T18:57:15","date_gmt":"2019-12-05T15:57:15","guid":{"rendered":"https:\/\/courses.ie.bilkent.edu.tr\/ie477\/?page_id=776"},"modified":"2023-08-14T16:44:57","modified_gmt":"2023-08-14T13:44:57","slug":"information-on-presentations","status":"publish","type":"page","link":"https:\/\/courses.ie.bilkent.edu.tr\/ie477\/information-on-presentations\/","title":{"rendered":"Information on Presentations"},"content":{"rendered":"<ul>\n<li><a href=\"https:\/\/courses.ie.bilkent.edu.tr\/ie477\/wp-content\/uploads\/sites\/2\/2021\/09\/General-Tips-on-Presentations-and-Meetings.pdf\">IE 477 &#8211; General Tips on Presentations and Meetings<\/a><\/li>\n<li><a href=\"https:\/\/courses.ie.bilkent.edu.tr\/ie477\/good-presentation-examples-from-previous-years\/\" target=\"_blank\" rel=\"noopener\">IE 477 &#8211; 478 Examples of Good Presentations from Past Years<\/a><\/li>\n<li><a href=\"https:\/\/courses.ie.bilkent.edu.tr\/ie477\/wp-content\/uploads\/sites\/2\/2022\/01\/Etkili-Sunumlar-icin-El-Kitabi-TUBITAK.pdf\">IE 477 &#8211; T\u00dcB\u0130TAK Etkili Sunumlar i\u00e7in El Kitab\u0131<\/a><\/li>\n<\/ul>\n<p>See <a href=\"https:\/\/courses.ie.bilkent.edu.tr\/ie477\/roadmap\/\">Roadmap<\/a> for details on the presentations.<\/p>\n","protected":false},"excerpt":{"rendered":"<p>IE 477 &#8211; General Tips on Presentations and Meetings IE 477 &#8211; 478 Examples of Good Presentations from Past Years IE 477 &#8211; T\u00dcB\u0130TAK Etkili Sunumlar i\u00e7in El Kitab\u0131 See Roadmap for details on the presentations.<\/p>\n","protected":false},"author":33,"featured_media":0,"parent":0,"menu_order":0,"comment_status":"closed","ping_status":"closed","template":"","meta":{"_bbp_topic_count":0,"_bbp_reply_count":0,"_bbp_total_topic_count":0,"_bbp_total_reply_count":0,"_bbp_voice_count":0,"_bbp_anonymous_reply_count":0,"_bbp_topic_count_hidden":0,"_bbp_reply_count_hidden":0,"_bbp_forum_subforum_count":0,"footnotes":""},"class_list":["post-776","page","type-page","status-publish","hentry"],"_links":{"self":[{"href":"https:\/\/courses.ie.bilkent.edu.tr\/ie477\/wp-json\/wp\/v2\/pages\/776","targetHints":{"allow":["GET"]}}],"collection":[{"href":"https:\/\/courses.ie.bilkent.edu.tr\/ie477\/wp-json\/wp\/v2\/pages"}],"about":[{"href":"https:\/\/courses.ie.bilkent.edu.tr\/ie477\/wp-json\/wp\/v2\/types\/page"}],"author":[{"embeddable":true,"href":"https:\/\/courses.ie.bilkent.edu.tr\/ie477\/wp-json\/wp\/v2\/users\/33"}],"replies":[{"embeddable":true,"href":"https:\/\/courses.ie.bilkent.edu.tr\/ie477\/wp-json\/wp\/v2\/comments?post=776"}],"version-history":[{"count":30,"href":"https:\/\/courses.ie.bilkent.edu.tr\/ie477\/wp-json\/wp\/v2\/pages\/776\/revisions"}],"predecessor-version":[{"id":2054,"href":"https:\/\/courses.ie.bilkent.edu.tr\/ie477\/wp-json\/wp\/v2\/pages\/776\/revisions\/2054"}],"wp:attachment":[{"href":"https:\/\/courses.ie.bilkent.edu.tr\/ie477\/wp-json\/wp\/v2\/media?parent=776"}],"curies":[{"name":"wp","href":"https:\/\/api.w.org\/{rel}","templated":true}]}}