{"id":782,"date":"2019-12-05T18:59:02","date_gmt":"2019-12-05T15:59:02","guid":{"rendered":"https:\/\/courses.ie.bilkent.edu.tr\/ie477\/?page_id=782"},"modified":"2024-07-24T13:23:04","modified_gmt":"2024-07-24T10:23:04","slug":"supporting-forms-and-samples","status":"publish","type":"page","link":"https:\/\/courses.ie.bilkent.edu.tr\/ie477\/supporting-forms-and-samples\/","title":{"rendered":"Forms and Samples"},"content":{"rendered":"<p><strong>Forms and Templates<\/strong><\/p>\n<ul>\n<li><a href=\"https:\/\/courses.ie.bilkent.edu.tr\/ie477\/wp-content\/uploads\/sites\/2\/2022\/09\/Team-Schedule-Template-1.xlsx\">Team Schedule Template<\/a><\/li>\n<li>Payment Reimbursement Form <em>\u00d6deme \u0130ste\u011fi Formu<\/em> (<a href=\"https:\/\/courses.ie.bilkent.edu.tr\/ie477\/wp-content\/uploads\/sites\/2\/2024\/03\/Odeme-Istegi-Formu.pdf\">Regular PDF Version<\/a>) (<a href=\"https:\/\/courses.ie.bilkent.edu.tr\/ie477\/wp-content\/uploads\/sites\/2\/2024\/03\/Odeme-Istegi-Formu-Fillable.docx\">Fillable Word Version<\/a>) (<a href=\"https:\/\/courses.ie.bilkent.edu.tr\/ie477\/wp-content\/uploads\/sites\/2\/2024\/03\/Odeme-Istegi-Formu-Fillable.pdf\">Fillable PDF Version<\/a>)<\/li>\n<li>Disclosure of Internship and Part-time Work Form (<a href=\"https:\/\/courses.ie.bilkent.edu.tr\/ie477\/wp-content\/uploads\/sites\/2\/2023\/08\/DisclosureOfPartTimeWork.pdf\">Regular PDF Version<\/a>) (<a href=\"https:\/\/courses.ie.bilkent.edu.tr\/ie477\/wp-content\/uploads\/sites\/2\/2024\/07\/ConflictOfInterestForm-Fillable.docx\">Fillable Word Version<\/a>) (<a href=\"https:\/\/courses.ie.bilkent.edu.tr\/ie477\/wp-content\/uploads\/sites\/2\/2024\/07\/DisclosureOfPartTimeWork-Fillable.pdf\">Fillable PDF Version<\/a>)<\/li>\n<li>Privacy of Information and Occupational Health and Safety Undertaking\u00a0<em>Bilginin Gizlili\u011fi ve \u0130\u015f Sa\u011fl\u0131\u011f\u0131 ve G\u00fcvenli\u011fi Formu <\/em>(Regular PDF Version) (Fillable Word Version) (Fillable PDF Version)<\/li>\n<li><a href=\"https:\/\/courses.ie.bilkent.edu.tr\/ie477\/wp-content\/uploads\/sites\/2\/2024\/04\/One-page-ppt.pptx\">One Page PPT Slide Format<\/a> (<a href=\"https:\/\/courses.ie.bilkent.edu.tr\/ie477\/wp-content\/uploads\/sites\/2\/2024\/04\/One-page-ppt.pdf\">Example<\/a>) (Note: The background image will not show up in the template. This is normal, so do not try to add the background image)<\/li>\n<li><a href=\"https:\/\/courses.ie.bilkent.edu.tr\/ie477\/wp-content\/uploads\/sites\/2\/2022\/04\/Information-on-Poster.pdf\">Information on Project Fair Poster<\/a><\/li>\n<\/ul>\n<p><strong>Sample Petitions for T\u00fcbitak Support<\/strong><\/p>\n<ul>\n<li><a href=\"https:\/\/courses.ie.bilkent.edu.tr\/ie477\/wp-content\/uploads\/sites\/2\/2017\/10\/2209-b-sanayi_sektor_onay_yazisi_ornegi-2.docx\">tubitak onay ornek onay yazisi-1<\/a><\/li>\n<li><a href=\"https:\/\/courses.ie.bilkent.edu.tr\/ie477\/wp-content\/uploads\/sites\/2\/2017\/10\/2209-b-bolum_onay_yazisi_ornegi-3-1.docx\">tubitak ornek onay yazisi-2<\/a><\/li>\n<\/ul>\n","protected":false},"excerpt":{"rendered":"<p>Forms and Templates Team Schedule Template Payment Reimbursement Form \u00d6deme \u0130ste\u011fi Formu (Regular PDF Version) (Fillable Word Version) (Fillable PDF Version) Disclosure of Internship and Part-time Work Form (Regular PDF Version) (Fillable Word Version) (Fillable PDF Version) Privacy of Information and Occupational Health and Safety Undertaking\u00a0Bilginin Gizlili\u011fi ve \u0130\u015f Sa\u011fl\u0131\u011f\u0131 [&hellip;]<\/p>\n","protected":false},"author":33,"featured_media":0,"parent":0,"menu_order":0,"comment_status":"closed","ping_status":"closed","template":"","meta":{"_bbp_topic_count":0,"_bbp_reply_count":0,"_bbp_total_topic_count":0,"_bbp_total_reply_count":0,"_bbp_voice_count":0,"_bbp_anonymous_reply_count":0,"_bbp_topic_count_hidden":0,"_bbp_reply_count_hidden":0,"_bbp_forum_subforum_count":0,"footnotes":""},"class_list":["post-782","page","type-page","status-publish","hentry"],"_links":{"self":[{"href":"https:\/\/courses.ie.bilkent.edu.tr\/ie477\/wp-json\/wp\/v2\/pages\/782","targetHints":{"allow":["GET"]}}],"collection":[{"href":"https:\/\/courses.ie.bilkent.edu.tr\/ie477\/wp-json\/wp\/v2\/pages"}],"about":[{"href":"https:\/\/courses.ie.bilkent.edu.tr\/ie477\/wp-json\/wp\/v2\/types\/page"}],"author":[{"embeddable":true,"href":"https:\/\/courses.ie.bilkent.edu.tr\/ie477\/wp-json\/wp\/v2\/users\/33"}],"replies":[{"embeddable":true,"href":"https:\/\/courses.ie.bilkent.edu.tr\/ie477\/wp-json\/wp\/v2\/comments?post=782"}],"version-history":[{"count":17,"href":"https:\/\/courses.ie.bilkent.edu.tr\/ie477\/wp-json\/wp\/v2\/pages\/782\/revisions"}],"predecessor-version":[{"id":2310,"href":"https:\/\/courses.ie.bilkent.edu.tr\/ie477\/wp-json\/wp\/v2\/pages\/782\/revisions\/2310"}],"wp:attachment":[{"href":"https:\/\/courses.ie.bilkent.edu.tr\/ie477\/wp-json\/wp\/v2\/media?parent=782"}],"curies":[{"name":"wp","href":"https:\/\/api.w.org\/{rel}","templated":true}]}}